{"id":2273,"date":"2023-11-26T10:29:25","date_gmt":"2023-11-26T09:29:25","guid":{"rendered":"https:\/\/leaudesmots.fr\/?page_id=2273"},"modified":"2024-01-25T14:15:29","modified_gmt":"2024-01-25T13:15:29","slug":"blog","status":"publish","type":"page","link":"https:\/\/leaudesmots.fr\/index.php\/blog\/","title":{"rendered":"Blog"},"content":{"rendered":"\t\t<div data-elementor-type=\"wp-page\" data-elementor-id=\"2273\" class=\"elementor elementor-2273\">\n\t\t\t\t\t\t<section class=\"elementor-section elementor-top-section elementor-element elementor-element-3e69dfb20 elementor-section-boxed elementor-section-height-default elementor-section-height-default wpr-particle-no wpr-jarallax-no wpr-parallax-no wpr-sticky-section-no wpr-equal-height-no\" data-id=\"3e69dfb20\" data-element_type=\"section\" data-e-type=\"section\" data-settings=\"{&quot;background_background&quot;:&quot;classic&quot;}\">\n\t\t\t\t\t\t\t<div class=\"elementor-background-overlay\"><\/div>\n\t\t\t\t\t\t\t<div class=\"elementor-container elementor-column-gap-default\">\n\t\t\t\t\t<div class=\"elementor-column elementor-col-100 elementor-top-column elementor-element elementor-element-433973b1\" data-id=\"433973b1\" data-element_type=\"column\" data-e-type=\"column\">\n\t\t\t<div class=\"elementor-widget-wrap elementor-element-populated\">\n\t\t\t\t\t\t<div class=\"elementor-element elementor-element-33034be0 elementor-widget elementor-widget-heading\" data-id=\"33034be0\" data-element_type=\"widget\" data-e-type=\"widget\" data-widget_type=\"heading.default\">\n\t\t\t\t<div class=\"elementor-widget-container\">\n\t\t\t\t\t<h2 class=\"elementor-heading-title elementor-size-default\">Blog<\/h2>\t\t\t\t<\/div>\n\t\t\t\t<\/div>\n\t\t\t\t<div class=\"elementor-element elementor-element-7c87bec elementor-widget elementor-widget-heading\" data-id=\"7c87bec\" data-element_type=\"widget\" data-e-type=\"widget\" data-widget_type=\"heading.default\">\n\t\t\t\t<div class=\"elementor-widget-container\">\n\t\t\t\t\t<h3 class=\"elementor-heading-title elementor-size-default\">L'Eau des Mots<\/h3>\t\t\t\t<\/div>\n\t\t\t\t<\/div>\n\t\t\t\t\t<\/div>\n\t\t<\/div>\n\t\t\t\t\t<\/div>\n\t\t<\/section>\n\t\t\t\t<section class=\"elementor-section elementor-top-section elementor-element elementor-element-43b6ca46 elementor-section-boxed elementor-section-height-default elementor-section-height-default wpr-particle-no wpr-jarallax-no wpr-parallax-no wpr-sticky-section-no wpr-equal-height-no\" data-id=\"43b6ca46\" data-element_type=\"section\" data-e-type=\"section\">\n\t\t\t\t\t\t<div class=\"elementor-container elementor-column-gap-default\">\n\t\t\t\t\t<div class=\"elementor-column elementor-col-100 elementor-top-column elementor-element elementor-element-8aa592e\" data-id=\"8aa592e\" data-element_type=\"column\" data-e-type=\"column\">\n\t\t\t<div class=\"elementor-widget-wrap elementor-element-populated\">\n\t\t\t\t\t\t<div class=\"elementor-element elementor-element-1702ee49 wpr-grid-columns-3 wpr-grid-columns--tablet2 wpr-grid-columns--mobile1 wpr-grid-pagination-center wpr-item-styles-inner elementor-widget elementor-widget-wpr-grid\" data-id=\"1702ee49\" data-element_type=\"widget\" data-e-type=\"widget\" data-widget_type=\"wpr-grid.default\">\n\t\t\t\t<div class=\"elementor-widget-container\">\n\t\t\t\t\t<ul class=\"wpr-grid-filters elementor-clearfix wpr-grid-filters-sep-right\"><\/ul><section class=\"wpr-grid elementor-clearfix\" data-settings=\"{&quot;layout&quot;:&quot;fitRows&quot;,&quot;stick_last_element_to_bottom&quot;:&quot;&quot;,&quot;columns_desktop&quot;:&quot;3&quot;,&quot;gutter_hr&quot;:30,&quot;gutter_hr_mobile&quot;:30,&quot;gutter_hr_mobile_extra&quot;:30,&quot;gutter_hr_tablet&quot;:30,&quot;gutter_hr_tablet_extra&quot;:30,&quot;gutter_hr_laptop&quot;:30,&quot;gutter_hr_widescreen&quot;:30,&quot;gutter_vr&quot;:30,&quot;gutter_vr_mobile&quot;:30,&quot;gutter_vr_mobile_extra&quot;:30,&quot;gutter_vr_tablet&quot;:30,&quot;gutter_vr_tablet_extra&quot;:30,&quot;gutter_vr_laptop&quot;:30,&quot;gutter_vr_widescreen&quot;:30,&quot;animation&quot;:&quot;default&quot;,&quot;animation_duration&quot;:0.3,&quot;animation_delay&quot;:0.1,&quot;deeplinking&quot;:&quot;&quot;,&quot;filters_linkable&quot;:&quot;no&quot;,&quot;filters_default_filter&quot;:&quot;&quot;,&quot;filters_count&quot;:&quot;&quot;,&quot;filters_hide_empty&quot;:&quot;no&quot;,&quot;filters_animation&quot;:&quot;default&quot;,&quot;filters_animation_duration&quot;:0.3,&quot;filters_animation_delay&quot;:0.1,&quot;pagination_type&quot;:&quot;load-more&quot;,&quot;pagination_max_pages&quot;:1,&quot;lightbox&quot;:{&quot;selector&quot;:&quot;.wpr-grid-image-wrap&quot;,&quot;iframeMaxWidth&quot;:&quot;60%&quot;,&quot;hash&quot;:false,&quot;autoplay&quot;:&quot;&quot;,&quot;pause&quot;:5000,&quot;progressBar&quot;:&quot;true&quot;,&quot;counter&quot;:&quot;&quot;,&quot;controls&quot;:&quot;&quot;,&quot;getCaptionFromTitleOrAlt&quot;:&quot;&quot;,&quot;thumbnail&quot;:&quot;&quot;,&quot;showThumbByDefault&quot;:&quot;&quot;,&quot;share&quot;:&quot;&quot;,&quot;zoom&quot;:&quot;true&quot;,&quot;fullScreen&quot;:&quot;true&quot;,&quot;download&quot;:&quot;true&quot;}}\" data-advanced-filters=\"no\"><article class=\"wpr-grid-item elementor-clearfix post-762 post type-post status-publish format-standard has-post-thumbnail hentry category-blog\"><div class=\"wpr-grid-item-inner\"><div class=\"wpr-grid-media-wrap wpr-effect-size-medium \" data-overlay-link=\"yes\"><div class=\"wpr-grid-image-wrap\" data-src=\"https:\/\/leaudesmots.fr\/wp-content\/uploads\/2023\/11\/Design-sans-titre-26.png\" data-img-on-hover=\"\"  data-src-secondary=\"\"><img decoding=\"async\" data-no-lazy=\"1\" src=\"https:\/\/leaudesmots.fr\/wp-content\/uploads\/2023\/11\/Design-sans-titre-26.png\" alt=\"Biographie humaniste \u00e0 Bordeaux\" class=\"wpr-anim-timing-ease-default\"><\/div><div class=\"wpr-grid-media-hover wpr-animation-wrap\"><div class=\"wpr-grid-media-hover-bg  wpr-overlay-fade-in wpr-anim-size-large wpr-anim-timing-ease-default wpr-anim-transparency\" data-url=\"https:\/\/leaudesmots.fr\/index.php\/2022\/01\/21\/biographie-humaniste-a-bordeaux\/\"><\/div><\/div><\/div><div class=\"wpr-grid-item-below-content elementor-clearfix\"><h2 class=\"wpr-grid-item-title elementor-repeater-item-d3e1031 wpr-grid-item-display-block wpr-grid-item-align-left wpr-pointer-none wpr-pointer-line-fx wpr-pointer-fx-fade\"><div class=\"inner-block\"><a target=\"_self\"  href=\"https:\/\/leaudesmots.fr\/index.php\/2022\/01\/21\/biographie-humaniste-a-bordeaux\/\">Biographie humaniste \u00e0 Bordeaux<\/a><\/div><\/h2><div class=\"wpr-grid-item-excerpt elementor-repeater-item-82a8a5b wpr-grid-item-display-block wpr-grid-item-align-left\"><div class=\"inner-block\"><p>La Biographie s&rsquo;invite au chevet des patients Article du Sud Ouest J&rsquo;ai eu l&rsquo;immense plaisir d&rsquo;avoir pu de pouvoir pr\u00e9senter la Biographie, aupr\u00e8s de l&rsquo;\u00e9ditorial Sud...<\/p><\/div><\/div><div class=\"wpr-grid-item-read-more elementor-repeater-item-f476104 wpr-grid-item-display-block wpr-grid-item-align-left\"><div class=\"inner-block\"><a target=\"_self\" href=\"https:\/\/leaudesmots.fr\/index.php\/2022\/01\/21\/biographie-humaniste-a-bordeaux\/\" class=\"wpr-button-effect wpr-button-none\"><span>Lire la suite<\/span><\/a><\/div><\/div><\/div><\/div><\/article><\/section>\t\t\t\t<\/div>\n\t\t\t\t<\/div>\n\t\t\t\t\t<\/div>\n\t\t<\/div>\n\t\t\t\t\t<\/div>\n\t\t<\/section>\n\t\t\t\t<\/div>\n\t\t","protected":false},"excerpt":{"rendered":"<p>Blog L&rsquo;Eau des Mots Biographie humaniste \u00e0 Bordeaux La Biographie s&#8217;invite au chevet des patients Article du Sud Ouest J&#8217;ai eu l&#8217;immense plaisir d&#8217;avoir pu de pouvoir pr\u00e9senter la Biographie, aupr\u00e8s de l&#8217;\u00e9ditorial Sud\u2026 Lire la suite<\/p>\n","protected":false},"author":1,"featured_media":0,"parent":0,"menu_order":0,"comment_status":"closed","ping_status":"closed","template":"","meta":{"footnotes":""},"class_list":["post-2273","page","type-page","status-publish","hentry"],"yoast_head":"<!-- This site is optimized with the Yoast SEO plugin v25.6 - https:\/\/yoast.com\/wordpress\/plugins\/seo\/ -->\n<title>Blog - L Eau des Mots<\/title>\n<meta name=\"robots\" content=\"index, follow, max-snippet:-1, max-image-preview:large, max-video-preview:-1\" \/>\n<link rel=\"canonical\" href=\"https:\/\/leaudesmots.fr\/index.php\/blog\/\" \/>\n<meta property=\"og:locale\" content=\"fr_FR\" \/>\n<meta property=\"og:type\" content=\"article\" \/>\n<meta property=\"og:title\" content=\"Blog - L Eau des Mots\" \/>\n<meta property=\"og:description\" content=\"Blog L&rsquo;Eau des Mots Biographie humaniste \u00e0 Bordeaux La Biographie s&#8217;invite au chevet des patients Article du Sud Ouest J&#8217;ai eu l&#8217;immense plaisir d&#8217;avoir pu de pouvoir pr\u00e9senter la Biographie, aupr\u00e8s de l&#8217;\u00e9ditorial Sud\u2026 Lire la suite\" \/>\n<meta property=\"og:url\" content=\"https:\/\/leaudesmots.fr\/index.php\/blog\/\" \/>\n<meta property=\"og:site_name\" content=\"L Eau des Mots\" \/>\n<meta property=\"article:modified_time\" content=\"2024-01-25T13:15:29+00:00\" \/>\n<meta property=\"og:image\" content=\"https:\/\/leaudesmots.fr\/wp-content\/uploads\/2023\/11\/Design-sans-titre-26.png\" \/>\n<meta name=\"twitter:card\" content=\"summary_large_image\" \/>\n<meta name=\"twitter:label1\" content=\"Dur\u00e9e de lecture estim\u00e9e\" \/>\n\t<meta name=\"twitter:data1\" content=\"1 minute\" \/>\n<script type=\"application\/ld+json\" class=\"yoast-schema-graph\">{\"@context\":\"https:\/\/schema.org\",\"@graph\":[{\"@type\":\"WebPage\",\"@id\":\"https:\/\/leaudesmots.fr\/index.php\/blog\/\",\"url\":\"https:\/\/leaudesmots.fr\/index.php\/blog\/\",\"name\":\"Blog - L Eau des Mots\",\"isPartOf\":{\"@id\":\"https:\/\/leaudesmots.fr\/#website\"},\"primaryImageOfPage\":{\"@id\":\"https:\/\/leaudesmots.fr\/index.php\/blog\/#primaryimage\"},\"image\":{\"@id\":\"https:\/\/leaudesmots.fr\/index.php\/blog\/#primaryimage\"},\"thumbnailUrl\":\"https:\/\/leaudesmots.fr\/wp-content\/uploads\/2023\/11\/Design-sans-titre-26.png\",\"datePublished\":\"2023-11-26T09:29:25+00:00\",\"dateModified\":\"2024-01-25T13:15:29+00:00\",\"breadcrumb\":{\"@id\":\"https:\/\/leaudesmots.fr\/index.php\/blog\/#breadcrumb\"},\"inLanguage\":\"fr-FR\",\"potentialAction\":[{\"@type\":\"ReadAction\",\"target\":[\"https:\/\/leaudesmots.fr\/index.php\/blog\/\"]}]},{\"@type\":\"ImageObject\",\"inLanguage\":\"fr-FR\",\"@id\":\"https:\/\/leaudesmots.fr\/index.php\/blog\/#primaryimage\",\"url\":\"https:\/\/leaudesmots.fr\/wp-content\/uploads\/2023\/11\/Design-sans-titre-26.png\",\"contentUrl\":\"https:\/\/leaudesmots.fr\/wp-content\/uploads\/2023\/11\/Design-sans-titre-26.png\",\"width\":1392,\"height\":924},{\"@type\":\"BreadcrumbList\",\"@id\":\"https:\/\/leaudesmots.fr\/index.php\/blog\/#breadcrumb\",\"itemListElement\":[{\"@type\":\"ListItem\",\"position\":1,\"name\":\"Accueil\",\"item\":\"https:\/\/leaudesmots.fr\/\"},{\"@type\":\"ListItem\",\"position\":2,\"name\":\"Blog\"}]},{\"@type\":\"WebSite\",\"@id\":\"https:\/\/leaudesmots.fr\/#website\",\"url\":\"https:\/\/leaudesmots.fr\/\",\"name\":\"L Eau des Mots\",\"description\":\"Biographie humaniste : un m\u00e9tier \u00e0 l\u2019\u00e9coute de l\u2019autre\",\"potentialAction\":[{\"@type\":\"SearchAction\",\"target\":{\"@type\":\"EntryPoint\",\"urlTemplate\":\"https:\/\/leaudesmots.fr\/?s={search_term_string}\"},\"query-input\":{\"@type\":\"PropertyValueSpecification\",\"valueRequired\":true,\"valueName\":\"search_term_string\"}}],\"inLanguage\":\"fr-FR\"}]}<\/script>\n<!-- \/ Yoast SEO plugin. -->","yoast_head_json":{"title":"Blog - L Eau des Mots","robots":{"index":"index","follow":"follow","max-snippet":"max-snippet:-1","max-image-preview":"max-image-preview:large","max-video-preview":"max-video-preview:-1"},"canonical":"https:\/\/leaudesmots.fr\/index.php\/blog\/","og_locale":"fr_FR","og_type":"article","og_title":"Blog - L Eau des Mots","og_description":"Blog L&rsquo;Eau des Mots Biographie humaniste \u00e0 Bordeaux La Biographie s&#8217;invite au chevet des patients Article du Sud Ouest J&#8217;ai eu l&#8217;immense plaisir d&#8217;avoir pu de pouvoir pr\u00e9senter la Biographie, aupr\u00e8s de l&#8217;\u00e9ditorial Sud\u2026 Lire la suite","og_url":"https:\/\/leaudesmots.fr\/index.php\/blog\/","og_site_name":"L Eau des Mots","article_modified_time":"2024-01-25T13:15:29+00:00","og_image":[{"url":"https:\/\/leaudesmots.fr\/wp-content\/uploads\/2023\/11\/Design-sans-titre-26.png","type":"","width":"","height":""}],"twitter_card":"summary_large_image","twitter_misc":{"Dur\u00e9e de lecture estim\u00e9e":"1 minute"},"schema":{"@context":"https:\/\/schema.org","@graph":[{"@type":"WebPage","@id":"https:\/\/leaudesmots.fr\/index.php\/blog\/","url":"https:\/\/leaudesmots.fr\/index.php\/blog\/","name":"Blog - L Eau des Mots","isPartOf":{"@id":"https:\/\/leaudesmots.fr\/#website"},"primaryImageOfPage":{"@id":"https:\/\/leaudesmots.fr\/index.php\/blog\/#primaryimage"},"image":{"@id":"https:\/\/leaudesmots.fr\/index.php\/blog\/#primaryimage"},"thumbnailUrl":"https:\/\/leaudesmots.fr\/wp-content\/uploads\/2023\/11\/Design-sans-titre-26.png","datePublished":"2023-11-26T09:29:25+00:00","dateModified":"2024-01-25T13:15:29+00:00","breadcrumb":{"@id":"https:\/\/leaudesmots.fr\/index.php\/blog\/#breadcrumb"},"inLanguage":"fr-FR","potentialAction":[{"@type":"ReadAction","target":["https:\/\/leaudesmots.fr\/index.php\/blog\/"]}]},{"@type":"ImageObject","inLanguage":"fr-FR","@id":"https:\/\/leaudesmots.fr\/index.php\/blog\/#primaryimage","url":"https:\/\/leaudesmots.fr\/wp-content\/uploads\/2023\/11\/Design-sans-titre-26.png","contentUrl":"https:\/\/leaudesmots.fr\/wp-content\/uploads\/2023\/11\/Design-sans-titre-26.png","width":1392,"height":924},{"@type":"BreadcrumbList","@id":"https:\/\/leaudesmots.fr\/index.php\/blog\/#breadcrumb","itemListElement":[{"@type":"ListItem","position":1,"name":"Accueil","item":"https:\/\/leaudesmots.fr\/"},{"@type":"ListItem","position":2,"name":"Blog"}]},{"@type":"WebSite","@id":"https:\/\/leaudesmots.fr\/#website","url":"https:\/\/leaudesmots.fr\/","name":"L Eau des Mots","description":"Biographie humaniste : un m\u00e9tier \u00e0 l\u2019\u00e9coute de l\u2019autre","potentialAction":[{"@type":"SearchAction","target":{"@type":"EntryPoint","urlTemplate":"https:\/\/leaudesmots.fr\/?s={search_term_string}"},"query-input":{"@type":"PropertyValueSpecification","valueRequired":true,"valueName":"search_term_string"}}],"inLanguage":"fr-FR"}]}},"_links":{"self":[{"href":"https:\/\/leaudesmots.fr\/index.php\/wp-json\/wp\/v2\/pages\/2273"}],"collection":[{"href":"https:\/\/leaudesmots.fr\/index.php\/wp-json\/wp\/v2\/pages"}],"about":[{"href":"https:\/\/leaudesmots.fr\/index.php\/wp-json\/wp\/v2\/types\/page"}],"author":[{"embeddable":true,"href":"https:\/\/leaudesmots.fr\/index.php\/wp-json\/wp\/v2\/users\/1"}],"replies":[{"embeddable":true,"href":"https:\/\/leaudesmots.fr\/index.php\/wp-json\/wp\/v2\/comments?post=2273"}],"version-history":[{"count":16,"href":"https:\/\/leaudesmots.fr\/index.php\/wp-json\/wp\/v2\/pages\/2273\/revisions"}],"predecessor-version":[{"id":3393,"href":"https:\/\/leaudesmots.fr\/index.php\/wp-json\/wp\/v2\/pages\/2273\/revisions\/3393"}],"wp:attachment":[{"href":"https:\/\/leaudesmots.fr\/index.php\/wp-json\/wp\/v2\/media?parent=2273"}],"curies":[{"name":"wp","href":"https:\/\/api.w.org\/{rel}","templated":true}]}}